{"id":42,"date":"2020-12-24T16:44:47","date_gmt":"2020-12-24T15:44:47","guid":{"rendered":"https:\/\/www.maxime-perrier.fr\/?page_id=42"},"modified":"2025-09-20T18:21:02","modified_gmt":"2025-09-20T16:21:02","slug":"exercices","status":"publish","type":"page","link":"https:\/\/www.maxime-perrier.fr\/?page_id=42","title":{"rendered":"Exercices"},"content":{"rendered":"\n<h5>Thermodynamique<\/h5>\n\n\n\n<p>\n<a href=\"https:\/\/www.maxime-perrier.fr\/wp-content\/uploads\/2021\/01\/TD_Thermodynamique.pdf\"><i id=\"fac_69deed669f860\" class=\"fa fa-file-o\"><\/i>\n<\/a> Pression cin\u00e9tique des gaz parfaits, premier principe, deuxi\u00e8me principe. <br>\n<a href=\"https:\/\/www.maxime-perrier.fr\/wp-content\/uploads\/2021\/01\/TD_TransformationsThermodynamiques.pdf\"><i id=\"fac_69deed66a1bae\" class=\"fa fa-file-o\"><\/i>\n<\/a> Transformations thermodynamiques : cycle Lenoir (cycle simple, correction en ligne lien dans le TD). <br>\n<a href=\"https:\/\/www.maxime-perrier.fr\/wp-content\/uploads\/2021\/01\/TD_Moteurs_Thermodynamiques.pdf\"><i id=\"fac_69deed66a2bc1\" class=\"fa fa-file-o\"><\/i>\n<\/a> Moteurs thermodynamiques (Stirling, Diesel, Beau de Rochas) et pompes \u00e0 chaleur (climatisation, cycle de Rankine pour centrale nucl\u00e9aire) <br>\n<\/p>\n\n\n\n<h5>\u00c9lectrom\u00e9canique<\/h5>\n\n\n\n<p>\n<a href=\"https:\/\/www.maxime-perrier.fr\/wp-content\/uploads\/2021\/01\/TD_induction-1.pdf\"><i id=\"fac_69deed66a3bb5\" class=\"fa fa-file-o\"><\/i>\n<\/a> Induction &#8211; Correction <a href=\"https:\/\/www.maxime-perrier.fr\/wp-content\/uploads\/2021\/01\/TD_induction_correction_2023.pdf\"><i id=\"fac_69deed66a4bb1\" class=\"fa fa-file-o\"><\/i>\n<\/a>  <\/br>\n<\/p>\n\n\n\n<h5>M\u00e9canique<\/h5>\n\n\n\n<p>\n<a href=\"https:\/\/www.maxime-perrier.fr\/wp-content\/uploads\/2021\/01\/TD_TMC.pdf\"><i id=\"fac_69deed66a5ba3\" class=\"fa fa-file-o\"><\/i>\n<\/a> Moment cin\u00e9tique et applications &#8211; Correction <a href=\"https:\/\/www.maxime-perrier.fr\/wp-content\/uploads\/2021\/01\/TD_TMC_correction_2023.pdf\"><i id=\"fac_69deed66a6b99\" class=\"fa fa-file-o\"><\/i>\n<\/a> <br>\n<a href=\"https:\/\/www.maxime-perrier.fr\/wp-content\/uploads\/2021\/01\/TD_mecanique.pdf\"><i id=\"fac_69deed66a7b86\" class=\"fa fa-file-o\"><\/i>\n<\/a> M\u00e9canique du point <br>\n<a href=\"https:\/\/www.maxime-perrier.fr\/wp-content\/uploads\/2021\/01\/TD_cinematique.pdf\"><i id=\"fac_69deed66a8b66\" class=\"fa fa-file-o\"><\/i>\n<\/a> Cin\u00e9matique  &#8211; Correction partielle manuscrite <a href=\"https:\/\/www.maxime-perrier.fr\/wp-content\/uploads\/2021\/01\/Correction_cinematique.pdf\"><i id=\"fac_69deed66a9b4d\" class=\"fa fa-file-o\"><\/i>\n<\/a> <br>\n<\/p>\n\n\n\n<h5>\u00c9lectronique<\/h5>\n\n\n\n<p> \n<a href=\"https:\/\/www.maxime-perrier.fr\/wp-content\/uploads\/2021\/01\/TD_lois_des_circuits-1.pdf\"><i id=\"fac_69deed66aab56\" class=\"fa fa-file-o\"><\/i>\n<\/a> Loi des circuits   <br>\n<a href=\"https:\/\/www.maxime-perrier.fr\/wp-content\/uploads\/2021\/01\/TD_circuits_premier_ordre-1.pdf\"><i id=\"fac_69deed66abb7c\" class=\"fa fa-file-o\"><\/i>\n<\/a> Circuits du premier ordre    <br>\n<a href=\"https:\/\/www.maxime-perrier.fr\/wp-content\/uploads\/2021\/01\/TD_oscillateurs-1.pdf\"><i id=\"fac_69deed66acb7e\" class=\"fa fa-file-o\"><\/i>\n<\/a> Oscillateurs    <br>\n<a href=\"https:\/\/www.maxime-perrier.fr\/wp-content\/uploads\/2021\/01\/TD_mesure_bode_Q_f0_A-1.pdf\"><i id=\"fac_69deed66adb79\" class=\"fa fa-file-o\"><\/i>\n<\/a> Mesure du facteur de qualit\u00e9, de la fr\u00e9quence propre et du gain statique d&#8217;un filtre du deuxi\u00e8me ordre   <br>\n<a href=\"https:\/\/www.maxime-perrier.fr\/wp-content\/uploads\/2021\/01\/Electronique.pdf\"><i id=\"fac_69deed66aeb98\" class=\"fa fa-file-o\"><\/i>\n<\/a> Puissance maximale d\u00e9livr\u00e9e par un g\u00e9n\u00e9rateur (DM)\n<\/p>\n\n\n\n<h5>Architecture de la mati\u00e8re<\/h5>\n\n\n\n<p> <a href=\"https:\/\/www.maxime-perrier.fr\/wp-content\/uploads\/2021\/01\/TD_elements_molecules-1.pdf\"><i id=\"fac_69deed66afb9d\" class=\"fa fa-file-o\"><\/i>\n<\/a> Structure, g\u00e9om\u00e9trie et polarit\u00e9 des mol\u00e9cules  <br>\n<a href=\"https:\/\/www.maxime-perrier.fr\/wp-content\/uploads\/2021\/01\/TD_cinetique_chimique-1.pdf\"><i id=\"fac_69deed66b0b91\" class=\"fa fa-file-o\"><\/i>\n<\/a> Cin\u00e9tique de r\u00e9actions physico-chimiques  <br>\n<a href=\"https:\/\/www.maxime-perrier.fr\/wp-content\/uploads\/2021\/01\/TD_acides_bases.pdf\"><i id=\"fac_69deed66b1b7f\" class=\"fa fa-file-o\"><\/i>\n<\/a> R\u00e9actions acido-basiques  <br>\n<a href=\"https:\/\/www.maxime-perrier.fr\/wp-content\/uploads\/2021\/01\/TD_oxydoreduction.pdf\"><i id=\"fac_69deed66b2b71\" class=\"fa fa-file-o\"><\/i>\n<\/a> R\u00e9actions d&#8217;oxydor\u00e9duction  <br>\n<a href=\"https:\/\/www.maxime-perrier.fr\/wp-content\/uploads\/2021\/01\/TD_anodesacrificielle.pdf\"><i id=\"fac_69deed66b3b5e\" class=\"fa fa-file-o\"><\/i>\n<\/a> Anode sacrificielle  <br>\n<a href=\"https:\/\/www.maxime-perrier.fr\/wp-content\/uploads\/2021\/01\/TD_cristallographie.pdf\"><i id=\"fac_69deed66b4b48\" class=\"fa fa-file-o\"><\/i>\n<\/a> Cristallographie |  <a href=\"https:\/\/ressources.unisciel.fr\/cristallo\/tp0-intro\/co\/module_00-cristallographie_3.html\"> lien vers simulation interactive <\/a> <br>\n<\/p>\n\n\n\n<h5>Optique<\/h5>\n\n\n\n<p> <a href=\"https:\/\/www.maxime-perrier.fr\/wp-content\/uploads\/2021\/01\/TD_optique_geometrique.pdf\"><i id=\"fac_69deed66b5b74\" class=\"fa fa-file-o\"><\/i>\n<\/a> Optique g\u00e9om\u00e9trique <br>\n<a href=\"https:\/\/www.maxime-perrier.fr\/wp-content\/uploads\/2021\/01\/TD_systemes_optiques.pdf\"><i id=\"fac_69deed66b6b92\" class=\"fa fa-file-o\"><\/i>\n<\/a> Syst\u00e8mes optiques | Correction des exercices 2 et 3 <a href=\"https:\/\/www.maxime-perrier.fr\/wp-content\/uploads\/2021\/01\/TD_correction_exo23.pdf\"><i id=\"fac_69deed66b7c21\" class=\"fa fa-file-o\"><\/i>\n<\/a> <br>\n<\/p>\n\n\n\n<h5>Ondes<\/h5>\n\n\n\n<p> <a href=\"https:\/\/www.maxime-perrier.fr\/wp-content\/uploads\/2021\/01\/TD_Propagation_Signal_Interferences-1.pdf\"><i id=\"fac_69deed66b8c1f\" class=\"fa fa-file-o\"><\/i>\n<\/a> Signal, propagation et interf\u00e9rences  <br>\n<\/p>\n\n\n\n<h5>Calculs et m\u00e9thodes<\/h5>\n\n\n\n<p><a href=\"https:\/\/www.maxime-perrier.fr\/wp-content\/uploads\/2021\/01\/TD.pdf\"><i id=\"fac_69deed66b9c02\" class=\"fa fa-file-o\"><\/i>\n<\/a> Analyse dimensionnelle  <br>\n<\/p>\n\n\n\n<p><\/p>\n","protected":false},"excerpt":{"rendered":"<p>Thermodynamique Pression cin\u00e9tique des gaz parfaits, premier principe, deuxi\u00e8me principe. Transformations thermodynamiques : cycle Lenoir (cycle simple, correction en ligne lien dans le TD). Moteurs thermodynamiques (Stirling, Diesel, Beau de Rochas) et pompes \u00e0 chaleur (climatisation, cycle de Rankine pour centrale nucl\u00e9aire) \u00c9lectrom\u00e9canique Induction &#8211; Correction M\u00e9canique Moment cin\u00e9tique et applications &#8211; Correction M\u00e9canique du [&hellip;]<\/p>\n","protected":false},"author":1,"featured_media":0,"parent":0,"menu_order":0,"comment_status":"closed","ping_status":"closed","template":"","meta":[],"blocksy_meta":{"styles_descriptor":{"styles":{"desktop":"","tablet":"","mobile":""},"google_fonts":[],"version":6}},"_links":{"self":[{"href":"https:\/\/www.maxime-perrier.fr\/index.php?rest_route=\/wp\/v2\/pages\/42"}],"collection":[{"href":"https:\/\/www.maxime-perrier.fr\/index.php?rest_route=\/wp\/v2\/pages"}],"about":[{"href":"https:\/\/www.maxime-perrier.fr\/index.php?rest_route=\/wp\/v2\/types\/page"}],"author":[{"embeddable":true,"href":"https:\/\/www.maxime-perrier.fr\/index.php?rest_route=\/wp\/v2\/users\/1"}],"replies":[{"embeddable":true,"href":"https:\/\/www.maxime-perrier.fr\/index.php?rest_route=%2Fwp%2Fv2%2Fcomments&post=42"}],"version-history":[{"count":38,"href":"https:\/\/www.maxime-perrier.fr\/index.php?rest_route=\/wp\/v2\/pages\/42\/revisions"}],"predecessor-version":[{"id":1218,"href":"https:\/\/www.maxime-perrier.fr\/index.php?rest_route=\/wp\/v2\/pages\/42\/revisions\/1218"}],"wp:attachment":[{"href":"https:\/\/www.maxime-perrier.fr\/index.php?rest_route=%2Fwp%2Fv2%2Fmedia&parent=42"}],"curies":[{"name":"wp","href":"https:\/\/api.w.org\/{rel}","templated":true}]}}