{"id":37,"date":"2020-12-24T14:35:10","date_gmt":"2020-12-24T13:35:10","guid":{"rendered":"https:\/\/www.maxime-perrier.fr\/?page_id=37"},"modified":"2025-10-09T18:19:49","modified_gmt":"2025-10-09T16:19:49","slug":"cours","status":"publish","type":"page","link":"https:\/\/www.maxime-perrier.fr\/?page_id=37","title":{"rendered":"Cours"},"content":{"rendered":"\n<h5>Thermodynamique<\/h5>\n\n\n\n<p>\nXXII  &#8211; Introduction \u00e0 la thermodynamique <a href=\"https:\/\/www.maxime-perrier.fr\/wp-content\/uploads\/2021\/01\/IntroductionThermodynamique-2.pdf\"><i id=\"fac_69df05bc7d201\" class=\"fa fa-file-o\"><\/i>\n<\/a> <br>\nXXIII &#8211; Transformations thermodynamiques <a href=\"https:\/\/www.maxime-perrier.fr\/wp-content\/uploads\/2021\/01\/Transformationthermodynamique-2.pdf\"><i id=\"fac_69df05bc7f509\" class=\"fa fa-file-o\"><\/i>\n<\/a> <br>\n<\/p>\n\n\n\n<h5>\u00c9lectrom\u00e9canique<\/h5>\n\n\n\n<p>\nXXI &#8211; Induction et champs magn\u00e9tiques <a href=\"https:\/\/www.maxime-perrier.fr\/wp-content\/uploads\/2021\/01\/Induction.pdf\"><i id=\"fac_69df05bc80511\" class=\"fa fa-file-o\"><\/i>\n<\/a> <br>\n<\/p>\n\n\n\n<h5>M\u00e9canique<\/h5>\n\n\n\n<p> \nXVII &#8211; Cin\u00e9matique <a href=\"https:\/\/www.maxime-perrier.fr\/wp-content\/uploads\/2021\/01\/cinematiquepointsolide-1.pdf\"><i id=\"fac_69df05bc814f2\" class=\"fa fa-file-o\"><\/i>\n<\/a> <br>\nXVIII &#8211; Introduction \u00e0 la m\u00e9canique Newtonienne <a href=\"https:\/\/www.maxime-perrier.fr\/wp-content\/uploads\/2021\/01\/IntroductionMecaniqueNewtonienne-1.pdf\"><i id=\"fac_69df05bc824d7\" class=\"fa fa-file-o\"><\/i>\n<\/a> <br>\nXIX &#8211; Travail et \u00e9nergie <a href=\"https:\/\/www.maxime-perrier.fr\/wp-content\/uploads\/2021\/01\/TravailEnergieMecanique-1.pdf\"><i id=\"fac_69df05bc834ae\" class=\"fa fa-file-o\"><\/i>\n<\/a> <br>\nXX &#8211; Moment cin\u00e9tique <a href=\"https:\/\/www.maxime-perrier.fr\/wp-content\/uploads\/2021\/01\/MomentCinetique-1.pdf\"><i id=\"fac_69df05bc84480\" class=\"fa fa-file-o\"><\/i>\n<\/a>\n<\/p>\n\n\n\n<h5>Constitution et transformations de la mati\u00e8re<\/h5>\n\n\n\n<p> \n9 &#8211; <s> V <\/s> &#8211; \u00c9l\u00e9ments et mol\u00e9cules <a href=\"https:\/\/www.maxime-perrier.fr\/wp-content\/uploads\/2021\/01\/Elements_Molecules-2.pdf\"><i id=\"fac_69df05bc85457\" class=\"fa fa-file-o\"><\/i>\n<\/a>  <br> \n10 &#8211; <s> VI <\/s> &#8211; Vocabulaire et notations pour caract\u00e9riser un syst\u00e8me physico-chimique <a href=\"https:\/\/www.maxime-perrier.fr\/wp-content\/uploads\/2021\/01\/SystemePhysicoChimique-1.pdf\"><i id=\"fac_69df05bc8642f\" class=\"fa fa-file-o\"><\/i>\n<\/a>  <br> \n11 &#8211; <s> VII <\/s> &#8211; Cin\u00e9tique d&#8217;une r\u00e9action <a href=\"https:\/\/www.maxime-perrier.fr\/wp-content\/uploads\/2021\/01\/CinetiqueChimique-2.pdf\"><i id=\"fac_69df05bc873ff\" class=\"fa fa-file-o\"><\/i>\n<\/a>  <br>\n<s> VIII <\/s> &#8211; \u00c9quilibres chimiques <a href=\"https:\/\/www.maxime-perrier.fr\/wp-content\/uploads\/2021\/01\/EquilibreReactionChimiques-1.pdf\"><i id=\"fac_69df05bc883d1\" class=\"fa fa-file-o\"><\/i>\n<\/a>  <br>  \n<s> IX  <\/s> &#8211; R\u00e9actions acido-basiques <a href=\"https:\/\/www.maxime-perrier.fr\/wp-content\/uploads\/2021\/01\/AcidesBases-1.pdf\"><i id=\"fac_69df05bc893e1\" class=\"fa fa-file-o\"><\/i>\n<\/a>  <br>\n<s> X  <\/s>  &#8211; R\u00e9actions de pr\u00e9cipitation et de dissolution <a href=\"https:\/\/www.maxime-perrier.fr\/wp-content\/uploads\/2021\/01\/Dissolution-1.pdf\"><i id=\"fac_69df05bc8a3d6\" class=\"fa fa-file-o\"><\/i>\n<\/a> <br>\nXI   &#8211; Oxydor\u00e9duction <a href=\"https:\/\/www.maxime-perrier.fr\/wp-content\/uploads\/2021\/01\/Oxydoreduction-1.pdf\"><i id=\"fac_69df05bc8b3ae\" class=\"fa fa-file-o\"><\/i>\n<\/a> <br>\nXII  &#8211; E-pH <a href=\"https:\/\/www.maxime-perrier.fr\/wp-content\/uploads\/2021\/01\/Diagrammes-potentiel-pH-1.pdf\"><i id=\"fac_69df05bc8c3e9\" class=\"fa fa-file-o\"><\/i>\n<\/a> <br>\n\n  <br>\n<br>\nXXIV  &#8211; Cristallographie <a href=\"https:\/\/www.maxime-perrier.fr\/wp-content\/uploads\/2021\/01\/Cristallographie-1.pdf\"><i id=\"fac_69df05bc8d403\" class=\"fa fa-file-o\"><\/i>\n<\/a> <br> \n<\/p>\n\n\n\n<h5>\u00c9lectronique<\/h5>\n\n\n\n<p> \n5 &#8211; <s> XIII <\/s> &#8211; Lois des circuits <a href=\"https:\/\/www.maxime-perrier.fr\/wp-content\/uploads\/2021\/01\/LoisDesCircuits-1.pdf\"><i id=\"fac_69df05bc8e3e0\" class=\"fa fa-file-o\"><\/i>\n<\/a> <br>\n6 &#8211; <s> XIV <\/s>&#8211; Circuits du premier ordre <a href=\"https:\/\/www.maxime-perrier.fr\/wp-content\/uploads\/2021\/01\/CircuitsDuPremierOrdre-1.pdf\"><i id=\"fac_69df05bc8f3c3\" class=\"fa fa-file-o\"><\/i>\n<\/a> <br>\n7 &#8211; <s>  XV <\/s>&#8211; Oscillateurs <a href=\"https:\/\/www.maxime-perrier.fr\/wp-content\/uploads\/2021\/01\/Oscillateurs-1.pdf\"><i id=\"fac_69df05bc903a6\" class=\"fa fa-file-o\"><\/i>\n<\/a> <br>\n8 &#8211; <s> XVI <\/s>&#8211; Filtres <a href=\"https:\/\/www.maxime-perrier.fr\/wp-content\/uploads\/2021\/01\/FiltresLineaires-1.pdf\"><i id=\"fac_69df05bc91394\" class=\"fa fa-file-o\"><\/i>\n<\/a> <br>\n<\/p>\n\n\n\n<h5>Ondes et optique<\/h5>\n\n\n\n<p>\nII   &#8211; Optique g\u00e9om\u00e9trique <a href=\"https:\/\/www.maxime-perrier.fr\/wp-content\/uploads\/2021\/01\/Optique_Geometrique.pdf\"><i id=\"fac_69df05bc92391\" class=\"fa fa-file-o\"><\/i>\n<\/a>  <br>\nIII  &#8211; Syst\u00e8mes optiques <a href=\"https:\/\/www.maxime-perrier.fr\/wp-content\/uploads\/2021\/01\/SystemeOptique.pdf\"><i id=\"fac_69df05bc93378\" class=\"fa fa-file-o\"><\/i>\n<\/a>  <br>\nIV   &#8211; Propagation d&#8217;un signal et interf\u00e9rences <a href=\"https:\/\/www.maxime-perrier.fr\/wp-content\/uploads\/2021\/01\/Propagation_Signal_Interferences-2.pdf\"><i id=\"fac_69df05bc9434a\" class=\"fa fa-file-o\"><\/i>\n<\/a>  <br>\n<\/p>\n\n<p>\nFrise chronologique de l&#8217;histoire de la lumi\u00e8re <a href=\"https:\/\/tpe-laser-1eres1.weebly.com\/annexe-1.html\">  \t\ud83d\udd17 <\/a> <br>\nOutil de simulation interactif de d\u00e9viation de la lumi\u00e8re <a href=\"https:\/\/phet.colorado.edu\/sims\/html\/bending-light\/latest\/bending-light_fr.html\">  \ud83d\udd17 <\/a> <br>\nPour estimer la valeur de l&#8217;indice de l&#8217;air <a href=\"https:\/\/emtoolbox.nist.gov\/Wavelength\/Ciddor.asp\"> \ud83d\udd17 <\/a> <br>\nPremi\u00e8re loi de Snell-Descartes. Non, pas &#8220;n sinus (i) = &#8230;&#8221;, mais celle que l&#8217;on oublie ! Le rayon r\u00e9fl\u00e9chi et le rayon r\u00e9fract\u00e9 (s&#8217;il existe) sont contenus dans un plan qui se trouve \u00eatre le plan d&#8217;incidence : <a href=\"https:\/\/phyanim.sciences.univ-nantes.fr\/optiqueGeo\/dioptres\/Descartes.php\">\ud83d\udd17 <\/a> <br>\nStigmatisme et aplan\u00e9tisme &#8211; Conditions de Gauss <a href=\"https:\/\/phyanim.sciences.univ-nantes.fr\/optiqueGeo\/lentilles\/stigmatisme_lentille.php\"> \ud83d\udd17 <\/a> <br>\n<\/p>\n\n\n\n<h5>Annexes<\/h5>\n\n\n\n<p> I    &#8211; Analyse dimensionnelle <a href=\"https:\/\/www.maxime-perrier.fr\/wp-content\/uploads\/2021\/01\/CH1_SensPhysique-1.pdf\"><i id=\"fac_69df05bc9532c\" class=\"fa fa-file-o\"><\/i>\n<\/a>  <br>  Trigonom\u00e9trie, g\u00e9om\u00e9trie, lettres et constantes pour la physique <a href=\"https:\/\/www.maxime-perrier.fr\/wp-content\/uploads\/2021\/01\/memo_v1.pdf\"><i id=\"fac_69df05bc96311\" class=\"fa fa-file-o\"><\/i>\n<\/a> <br>\nLa mesure en sciences exp\u00e9rimentales : <a href=\"https:\/\/www.maxime-perrier.fr\/wp-content\/uploads\/2021\/01\/Mesure.pdf\"><i id=\"fac_69df05bc972e8\" class=\"fa fa-file-o\"><\/i>\n<\/a>  \n<\/p>\n<p hidden=\"\">\nFiltrage num\u00e9rique d&#8217;un son <a href=\"https:\/\/mybinder.org\/v2\/gh\/p-maxime\/TP_audio.git\/HEAD?labpath=Musique.ipynb\">Notebook<\/a>\n<\/p>\n\n\n\n<p><\/p>\n\n\n\n<p><\/p>\n\n\n\n<p><\/p>\n","protected":false},"excerpt":{"rendered":"<p>Thermodynamique XXII &#8211; Introduction \u00e0 la thermodynamique XXIII &#8211; Transformations thermodynamiques \u00c9lectrom\u00e9canique XXI &#8211; Induction et champs magn\u00e9tiques M\u00e9canique XVII &#8211; Cin\u00e9matique XVIII &#8211; Introduction \u00e0 la m\u00e9canique Newtonienne XIX &#8211; Travail et \u00e9nergie XX &#8211; Moment cin\u00e9tique Constitution et transformations de la mati\u00e8re 9 &#8211; V &#8211; \u00c9l\u00e9ments et mol\u00e9cules 10 &#8211; VI &#8211; [&hellip;]<\/p>\n","protected":false},"author":1,"featured_media":0,"parent":0,"menu_order":0,"comment_status":"closed","ping_status":"closed","template":"","meta":[],"blocksy_meta":{"styles_descriptor":{"styles":{"desktop":"","tablet":"","mobile":""},"google_fonts":[],"version":6}},"_links":{"self":[{"href":"https:\/\/www.maxime-perrier.fr\/index.php?rest_route=\/wp\/v2\/pages\/37"}],"collection":[{"href":"https:\/\/www.maxime-perrier.fr\/index.php?rest_route=\/wp\/v2\/pages"}],"about":[{"href":"https:\/\/www.maxime-perrier.fr\/index.php?rest_route=\/wp\/v2\/types\/page"}],"author":[{"embeddable":true,"href":"https:\/\/www.maxime-perrier.fr\/index.php?rest_route=\/wp\/v2\/users\/1"}],"replies":[{"embeddable":true,"href":"https:\/\/www.maxime-perrier.fr\/index.php?rest_route=%2Fwp%2Fv2%2Fcomments&post=37"}],"version-history":[{"count":82,"href":"https:\/\/www.maxime-perrier.fr\/index.php?rest_route=\/wp\/v2\/pages\/37\/revisions"}],"predecessor-version":[{"id":1245,"href":"https:\/\/www.maxime-perrier.fr\/index.php?rest_route=\/wp\/v2\/pages\/37\/revisions\/1245"}],"wp:attachment":[{"href":"https:\/\/www.maxime-perrier.fr\/index.php?rest_route=%2Fwp%2Fv2%2Fmedia&parent=37"}],"curies":[{"name":"wp","href":"https:\/\/api.w.org\/{rel}","templated":true}]}}