{"id":228,"date":"2021-10-05T13:10:57","date_gmt":"2021-10-05T11:10:57","guid":{"rendered":"https:\/\/www.maxime-perrier.fr\/?page_id=228"},"modified":"2026-01-02T15:41:24","modified_gmt":"2026-01-02T14:41:24","slug":"devoirs","status":"publish","type":"page","link":"https:\/\/www.maxime-perrier.fr\/?page_id=228","title":{"rendered":"Devoirs"},"content":{"rendered":"\n<h6>P\u00e9riode 2025 &#8211; 2026<\/h6>\n\n\n\n<p>\nDS2 &#8211; Effet de Bokeh, miroir de Lloyd (E.Thibierge), Supercondensateur (EPITA) : \u00e9nonc\u00e9  <a href=\"https:\/\/www.maxime-perrier.fr\/wp-content\/uploads\/2021\/01\/DS2_enonce.pdf\"> <i id=\"fac_69df26bf5c77e\" class=\"fa fa-file-o\"><\/i>\n <\/a> et \u00e9nonc\u00e9 corrig\u00e9 <a href=\"https:\/\/www.maxime-perrier.fr\/wp-content\/uploads\/2021\/01\/DS2_correction-2.pdf\"> <i id=\"fac_69df26bf5eab0\" class=\"fa fa-file-o\"><\/i>\n <\/a>  <br>\n\nDM 1 &#8211; Ph\u00e9nom\u00e8nes optiques <a style=\"text-decoration:none\" href=\"https:\/\/www.maxime-perrier.fr\/wp-content\/uploads\/2021\/01\/DM1_Phenomenes-optiques.pptx.pdf\"> <i id=\"fac_69df26bf5fac3\" class=\"fa fa-file-o\"><\/i>\n<\/a> premi\u00e8re version du rendu de la classe <a style=\"text-decoration:none\" href=\"https:\/\/www.maxime-perrier.fr\/wp-content\/uploads\/2021\/01\/Phenomenes-physiques.pdf\"> <i id=\"fac_69df26bf60ac2\" class=\"fa fa-file-o\"><\/i>\n<\/a> <br>\nDM 2 &#8211; Hacheur <a href=\"https:\/\/www.maxime-perrier.fr\/wp-content\/uploads\/2021\/01\/Screenshot_20251015_212421.jpg\"> <i id=\"fac_69df26bf61ac0\" class=\"fa fa-file-o\"><\/i>\n <\/a><br>\n\nDS1 &#8211; Distance de mise au point d&#8217;un APN (relation de conjugaison de Descartes, trac\u00e9s de rayons pour une lentille mince), analyse dimensionnelle, Snell-Descartes. \u00c9nonc\u00e9 <a style=\"text-decoration:none\" href=\"https:\/\/www.maxime-perrier.fr\/wp-content\/uploads\/2021\/01\/DS1_enonce.pdf\"> <i id=\"fac_69df26bf62ab6\" class=\"fa fa-file-o\"><\/i>\n<\/a> et correction  <a style=\"text-decoration:none\" href=\"https:\/\/www.maxime-perrier.fr\/wp-content\/uploads\/2021\/01\/DS1_correction-1.pdf\"> <i id=\"fac_69df26bf63aad\" class=\"fa fa-file-o\"><\/i>\n<\/a> \n<\/p>\n\n\n\n<h6>P\u00e9riode 2024 &#8211; 2025<\/h6>\n\n\n\n<p>\nDM 1 &#8211; Loi de Snell-Descartes <a style=\"text-decoration:none\" href=\"https:\/\/www.maxime-perrier.fr\/wp-content\/uploads\/2021\/01\/DM1.pdf\"> <i id=\"fac_69df26bf64aa4\" class=\"fa fa-file-o\"><\/i>\n<\/a> \/ Correction du calcul d&#8217;incertitude sur la valeur de l&#8217;indice : <a href=\"https:\/\/notebook.basthon.fr\/?from=https:\/\/raw.githubusercontent.com\/p-maxime\/codes_python\/refs\/heads\/master\/Incertitudes%20avec%20les%20lois%20de%20Snell-Descartes%20.ipynb\"> \ud83d\udd17 <i class=\"fa fa-jupyter\" aria-hidden=\"true\"><\/i><\/a><br>\nDM 2 &#8211; Faire l&#8217;exercice sur l&#8217;APN (2.2 d&#8217;un ancien DS) pour le 3 octobre <a href=\"https:\/\/www.maxime-perrier.fr\/wp-content\/uploads\/2021\/01\/DM.pdf\"> lien <\/a> <br>\nDM 3 &#8211; Filtres et cin\u00e9matique sujet <a href=\"https:\/\/www.maxime-perrier.fr\/wp-content\/uploads\/2021\/01\/DM3.pdf\"> <i id=\"fac_69df26bf65ab5\" class=\"fa fa-file-o\"><\/i>\n<\/a> et correction <a href=\"https:\/\/www.maxime-perrier.fr\/wp-content\/uploads\/2021\/01\/DM3_correction-1.pdf\"> <i id=\"fac_69df26bf66acb\" class=\"fa fa-file-o\"><\/i>\n <\/a>  \n<\/p>\n\n<p>\nDS1 &#8211; Snell-Descartes, analyse dimensionnelle, incertitudes avec python : <a style=\" text-decoration:none\" href=\"https:\/\/www.maxime-perrier.fr\/wp-content\/uploads\/2021\/01\/DS1.pdf\"> <i id=\"fac_69df26bf67ae2\" class=\"fa fa-file-o\"><\/i>\n<\/a> simulation rang concours (\u00e0 prendre avec des pincettes !) <a style=\"text-decoration:none\" href=\"https:\/\/www.maxime-perrier.fr\/wp-content\/uploads\/2021\/01\/simulation-rang-concours.pdf\"> <i id=\"fac_69df26bf68aff\" class=\"fa fa-file-o\"><\/i>\n<\/a> <br>\nDS2 &#8211; Lentille, APN, Signaux, Lewis, Nombre d&#8217;oxydation, Liaisons entre mol\u00e9cules. \u00c9nonc\u00e9 <a style=\"text-decoration:none\" href=\"https:\/\/www.maxime-perrier.fr\/wp-content\/uploads\/2021\/01\/DS2-1.pdf\"> <i id=\"fac_69df26bf69b00\" class=\"fa fa-file-o\"><\/i>\n<\/a> et correction  <a style=\"text-decoration:none\" href=\"https:\/\/www.maxime-perrier.fr\/wp-content\/uploads\/2021\/01\/DS2_correction-1.pdf\"> <i id=\"fac_69df26bf6aaf0\" class=\"fa fa-file-o\"><\/i>\n<\/a>. Notes obtenues par les \u00e9tudiants <a style=\"text-decoration:none\" href=\"https:\/\/www.maxime-perrier.fr\/wp-content\/uploads\/2021\/01\/bilanDS2.pdf\"> <i id=\"fac_69df26bf6bae7\" class=\"fa fa-file-o\"><\/i>\n<\/a> <br>\nDS3 &#8211; Chimie des solutions aqueuses &#8211; titrage acido-basiques &#8211; \u00e9quilibres chimiques &#8211; pr\u00e9cipitation : \u00c9nonc\u00e9 <a style=\"text-decoration:none\" href=\"https:\/\/www.maxime-perrier.fr\/wp-content\/uploads\/2021\/01\/DS3.pdf\"> <i id=\"fac_69df26bf6cad8\" class=\"fa fa-file-o\"><\/i>\n<\/a> et correction manuscrite <a style=\"text-decoration:none\" href=\"https:\/\/www.maxime-perrier.fr\/wp-content\/uploads\/2021\/01\/DS3_correction_manuscrit.pdf\"> <i id=\"fac_69df26bf6dad6\" class=\"fa fa-file-o\"><\/i>\n<\/a> <br>\nDS4 &#8211; Sensibilit\u00e9 d&#8217;un capteur r\u00e9sistif &#8211; pont de Wheatstone &#8211; RC et RLC s\u00e9rie en r\u00e9gime transitoire &#8211; chimie DS pr\u00e9c\u00e9dent : \u00c9nonc\u00e9 <a style=\"text-decoration:none\" href=\"https:\/\/www.maxime-perrier.fr\/wp-content\/uploads\/2021\/01\/DS4.pdf\"> <i id=\"fac_69df26bf6ef45\" class=\"fa fa-file-o\"><\/i>\n<\/a> et correction manuscrite <a style=\"text-decoration:none\" href=\"https:\/\/www.maxime-perrier.fr\/wp-content\/uploads\/2021\/01\/correctionmanuscrite.pdf\"> <i id=\"fac_69df26bf6ff6e\" class=\"fa fa-file-o\"><\/i>\n<\/a><br>\nDS5 &#8211; \u00c9nonc\u00e9 <a style=\"text-decoration:none\" href=\"https:\/\/www.maxime-perrier.fr\/wp-content\/uploads\/2021\/01\/DS5_Theremine.pdf\"> <i id=\"fac_69df26bf70f88\" class=\"fa fa-file-o\"><\/i>\n<\/a> et correction <a style=\"text-decoration:none\" href=\"https:\/\/www.maxime-perrier.fr\/wp-content\/uploads\/2021\/01\/CorrectionDS5.pdf\"> <i id=\"fac_69df26bf71f9d\" class=\"fa fa-file-o\"><\/i>\n<\/a><br>\nDS6 &#8211; \u00c9nonc\u00e9 <a style=\"text-decoration:none\" href=\"https:\/\/www.maxime-perrier.fr\/wp-content\/uploads\/2021\/01\/DS6.pdf\"> <i id=\"fac_69df26bf72faf\" class=\"fa fa-file-o\"><\/i>\n  <\/a> correction parties 1, 2 et 3 <a style=\"text-decoration:none\" href=\"https:\/\/www.maxime-perrier.fr\/wp-content\/uploads\/2021\/01\/correction_parties_1_2_3.pdf\"> <i id=\"fac_69df26bf73fb1\" class=\"fa fa-file-o\"><\/i>\n<\/a> et \u00e9nonc\u00e9 corrig\u00e9 partie 4 <a style=\"text-decoration:none\" href=\"https:\/\/www.maxime-perrier.fr\/wp-content\/uploads\/2021\/01\/DS6-1.pdf\"> <i id=\"fac_69df26bf74f9f\" class=\"fa fa-file-o\"><\/i>\n<\/a>\n<\/p>\n\n\n\n<p><\/p>\n\n\n\n<h6>P\u00e9riode 2023 &#8211; 2024<\/h6>\n\n\n\n<p>\nConcours blanc : Indice optique du plastique (Snell-Descartes), microg\u00e9n\u00e9rateur pi\u00e9zo\u00e9lectrique (\u00e9lectrom\u00e9canique en RSF), filtre de Wien et mod\u00e9lisation du comportement \u00e9lectrique du quartz, capteur de position (lecture de cartes de lignes de champ magn\u00e9tique, inductance mutuelle), synth\u00e8se du plexiglass (Lewis, polarit\u00e9, acide-base, dissolution, cin\u00e9tique de r\u00e9action) : <a href=\"https:\/\/www.maxime-perrier.fr\/wp-content\/uploads\/2021\/01\/CCB_physiquechimie.pdf\"> \u00e9nonc\u00e9 <\/a> et  <a href=\"https:\/\/www.maxime-perrier.fr\/wp-content\/uploads\/2021\/01\/Corrige_CCB_22_05_2024.pdf\"> \u00e9nonc\u00e9 avec correction et bar\u00e8me <\/a>  <br>\nDS 3 : Chimie des solutions (accumulateur cadmium-nickel, duret\u00e9 d&#8217;une eau) &#8211; \u00c9lectricit\u00e9 (lois des circuits, lois de comportement, point de fonctionnement) <a href=\"https:\/\/www.maxime-perrier.fr\/wp-content\/uploads\/2021\/01\/DS3_piles_elec_sujet.pdf\"> \u00e9nonc\u00e9 <\/a> et <a href=\"https:\/\/www.maxime-perrier.fr\/wp-content\/uploads\/2021\/01\/DS3_piles_elec_correction.pdf\"> \u00e9nonc\u00e9 + correction + bar\u00e8me <\/a> <br>\nDS 2 : Lentille parabolique, d\u00e9composition de l&#8217;\u00e9thanal, constante d&#8217;\u00e9quilibre, Lewis <a href=\"https:\/\/www.maxime-perrier.fr\/wp-content\/uploads\/2021\/01\/Signaux_molecules_cinetique.pdf\"> \u00e9nonc\u00e9 + correction + bar\u00e8me <\/a> <br>\nDS 1 : analyse dimensionnelle (pulsation plasma) &#8211; ph\u00e9nom\u00e8ne de Halos (Snell-Descartes) &#8211; Distance focale image d&#8217;une lentille (Snell-Descartes) &#8211; Appareil photographique (Formule de conjugaison) <a href=\"https:\/\/www.maxime-perrier.fr\/wp-content\/uploads\/2021\/01\/DS1_optique.pdf\"> \u00e9nonc\u00e9 <\/a> et <a href=\"https:\/\/www.maxime-perrier.fr\/wp-content\/uploads\/2021\/01\/DS1_optique_corrige.pdf\"> \u00e9nonc\u00e9 + correction + bar\u00e8me <\/a> <br>\nDM facultatif : optique <a href=\"https:\/\/www.maxime-perrier.fr\/wp-content\/uploads\/2021\/01\/DM_optique.pdf\"> \u00e9nonc\u00e9 <\/a>\n<\/p><p><\/p>\n\n\n\n<p><strong>P\u00e9riode 2022 &#8211; 2023<\/strong><\/p>\n\n\n\n<p ==\"\" hidden=\"\"> <a href=\"https:\/\/www.maxime-perrier.fr\/wp-content\/uploads\/2021\/01\/DS1_Fibre_Flotteur_APN_baremecorrectiontemporaire.pdf\">DS 1 \u00e9nonc\u00e9 et correction partielle<\/a> : 4 exercices d&#8217;optique, deux de type colle sur les lois de Snell (fibre optique pli\u00e9e et flotteur) et deux avec des lentilles minces (loupe et exercice long avec APN + erreur \u00e0 rep\u00e9rer).<br> <\/p>\n\n<p>\nDS 2 <a href=\"https:\/\/www.maxime-perrier.fr\/wp-content\/uploads\/2021\/01\/DS2.pdf\">\u00e9nonc\u00e9<\/a> et <a href=\"https:\/\/www.maxime-perrier.fr\/wp-content\/uploads\/2021\/01\/DS2_correction.pdf\">correction<\/a> : Extrait du concours CCINP TSI 2016. Propagation d&#8217;un signal acoustique (sonar) et cin\u00e9tique chimique de la dismutation de l&#8217;eau oxyg\u00e9n\u00e9e (avec un peu de Lewis). <br>\nDS 3 <a href=\"https:\/\/www.maxime-perrier.fr\/wp-content\/uploads\/2021\/01\/DS3_chimie.pdf\">\u00e9nonc\u00e9<\/a> et corrig\u00e9s <a href=\"https:\/\/www.maxime-perrier.fr\/wp-content\/uploads\/2021\/01\/CorrectionA.pdf\">partie A<\/a> (diagrammes E-pH), <a href=\"https:\/\/www.maxime-perrier.fr\/wp-content\/uploads\/2021\/01\/CorrectionB.pdf\">partie B<\/a> (cin\u00e9tique chimique), C (\u00e9quilibre acido-basique), D (dosage m\u00e9thode de Mohr), E (dosage potentiom\u00e9trique), cf site <a href=\"http:\/\/www.etienne-thibierge.fr\/cours-td-ptsi.php\"> d&#8217;\u00c9tienne Thibierge <\/a>. <br>\nDS 4 <a href=\"https:\/\/www.maxime-perrier.fr\/wp-content\/uploads\/2021\/01\/DS4_Electronique.pdf\">\u00e9nonc\u00e9<\/a> et <a href=\"https:\/\/www.maxime-perrier.fr\/wp-content\/uploads\/2021\/01\/DS4_Electronique_correction.pdf\">corrig\u00e9<\/a> de la partie physique (capacit\u00e9 r\u00e9elle, RLC s\u00e9rie, imp\u00e9dances complexes, filtre coupe bande). Partie chimie cf site <a href=\"http:\/\/www.etienne-thibierge.fr\/cours-td-ptsi.php\"> d&#8217;\u00c9tienne Thibierge <\/a> <br>\nDS 5 <a href=\"https:\/\/www.maxime-perrier.fr\/wp-content\/uploads\/2021\/01\/DS5_Mecanique_enonce.pdf\">\u00e9nonc\u00e9 seul<\/a> et <a href=\"https:\/\/www.maxime-perrier.fr\/wp-content\/uploads\/2021\/01\/DS5_Mecanique.pdf\">\u00e9nonc\u00e9 avec corrig\u00e9<\/a> : Chute d&#8217;une goutte de pluie (con\u00e7u \u00e0 partir d&#8217;un article et du sujet d&#8217;agr\u00e9gation 2022 option chimie) et m\u00e9canique du point (lignes droites, arc de cercles, chute sans frottements avec calculs utilisant les th\u00e9or\u00e8mes \u00e9nerg\u00e9tiques). <br>\nConcours blanc <a href=\"https:\/\/www.maxime-perrier.fr\/wp-content\/uploads\/2021\/01\/DS6_CCB.pdf\">\u00e9nonc\u00e9 seul<\/a> et <a href=\"https:\/\/www.maxime-perrier.fr\/wp-content\/uploads\/2021\/01\/DS6_CCB_corr.pdf\">correction<\/a><br>\nDS 6 <a href=\"https:\/\/www.maxime-perrier.fr\/wp-content\/uploads\/2021\/01\/DS6_induction_thermodynamique.pdf\">\u00e9nonc\u00e9 seul<\/a> : d\u00e9placement d&#8217;un piston (application de cours de thermodynamique), s\u00e9paration des isotopes de l&#8217;Uranium par effusion gazeuse (exercice (tr\u00e8s) guid\u00e9), dermographe (extrait de sujet de concours TSI), or rose (cristallographie, exercice type colle)\n<\/p>\n\n\n\n<p><strong>P\u00e9riode 2021 &#8211; 2022<\/strong> <\/p>\n\n\n\n<p><a href=\"https:\/\/www.maxime-perrier.fr\/wp-content\/uploads\/2021\/01\/DS1_optique_AD_corr.pdf\">DST 1 \u00e9nonc\u00e9 et correction<\/a> : \u00c9nonc\u00e9 et correction de cinq exercices d&#8217;optique (pare-brise, trac\u00e9 de rayons hors axe, lunette de Galil\u00e9e, lentille boule, APN) et un d&#8217;analyse dimensionnelle (hauteur d&#8217;une montagne).  <br> <a href=\"https:\/\/www.maxime-perrier.fr\/wp-content\/uploads\/2021\/01\/DS2_interferences_elec_corr.pdf\">DST 2 \u00e9nonc\u00e9 et correction partielle<\/a> : Deux exercices inspir\u00e9s de concours, un sur la mesure d\u2019\u00e9paisseurs par interf\u00e9rences, l&#8217;autre sur le rendement de la charge d&#8217;un condensateur.    <br> <a href=\"https:\/\/www.maxime-perrier.fr\/wp-content\/uploads\/2021\/01\/DS3_filtres_cinetique_Lewis.pdf\">DST 3<\/a>  <a href=\"https:\/\/www.maxime-perrier.fr\/wp-content\/uploads\/2021\/01\/DS3_correction.pdf\">Correction<\/a>: Trois exercices inspir\u00e9s de concours, deux sur des filtres, un passe bas et un passe haut du premier ordre, et un sur la cin\u00e9tique chimique avec description de la structure des mol\u00e9cules.   <br> <a href=\"https:\/\/www.maxime-perrier.fr\/wp-content\/uploads\/2021\/01\/DS4_chimie_correction.pdf\">DST 4 \u00e9nonc\u00e9 et correction<\/a> : Deux \u00e9preuves de 2h de chimie banque PT (\u00e9preuve B 2020 et 2021) dont les parties portant sur le programme de deuxi\u00e8me ann\u00e9e ont \u00e9t\u00e9 supprim\u00e9es. Les th\u00e8mes abord\u00e9s sont les r\u00e9actions d&#8217;oxydor\u00e9duction et acido-basiques, la cristallographie et les diagrammes E-pH (et dans une moindre mesure, des structures de lewis et des titrages).  <br> <a href=\"https:\/\/www.maxime-perrier.fr\/wp-content\/uploads\/2021\/01\/Mecanique.pdf\">DST 5 \u00e9nonc\u00e9 et correction partielle<\/a> : Spectrographie de masse, chute \u00e0 l&#8217;escalade, distance de freinage, rappel \u00e9lastique. <br> <a href=\"https:\/\/www.maxime-perrier.fr\/wp-content\/uploads\/2021\/01\/DS_CCB.pdf\">Concours Blanc \u00e9nonc\u00e9 et correction <\/a>  <\/p>\n\n\n\n<p><\/p>\n","protected":false},"excerpt":{"rendered":"<p>P\u00e9riode 2025 &#8211; 2026 DS2 &#8211; Effet de Bokeh, miroir de Lloyd (E.Thibierge), Supercondensateur (EPITA) : \u00e9nonc\u00e9 et \u00e9nonc\u00e9 corrig\u00e9 DM 1 &#8211; Ph\u00e9nom\u00e8nes optiques premi\u00e8re version du rendu de la classe DM 2 &#8211; Hacheur DS1 &#8211; Distance de mise au point d&#8217;un APN (relation de conjugaison de Descartes, trac\u00e9s de rayons pour une [&hellip;]<\/p>\n","protected":false},"author":1,"featured_media":0,"parent":0,"menu_order":0,"comment_status":"closed","ping_status":"closed","template":"","meta":[],"blocksy_meta":{"styles_descriptor":{"styles":{"desktop":"","tablet":"","mobile":""},"google_fonts":[],"version":6}},"_links":{"self":[{"href":"https:\/\/www.maxime-perrier.fr\/index.php?rest_route=\/wp\/v2\/pages\/228"}],"collection":[{"href":"https:\/\/www.maxime-perrier.fr\/index.php?rest_route=\/wp\/v2\/pages"}],"about":[{"href":"https:\/\/www.maxime-perrier.fr\/index.php?rest_route=\/wp\/v2\/types\/page"}],"author":[{"embeddable":true,"href":"https:\/\/www.maxime-perrier.fr\/index.php?rest_route=\/wp\/v2\/users\/1"}],"replies":[{"embeddable":true,"href":"https:\/\/www.maxime-perrier.fr\/index.php?rest_route=%2Fwp%2Fv2%2Fcomments&post=228"}],"version-history":[{"count":82,"href":"https:\/\/www.maxime-perrier.fr\/index.php?rest_route=\/wp\/v2\/pages\/228\/revisions"}],"predecessor-version":[{"id":1283,"href":"https:\/\/www.maxime-perrier.fr\/index.php?rest_route=\/wp\/v2\/pages\/228\/revisions\/1283"}],"wp:attachment":[{"href":"https:\/\/www.maxime-perrier.fr\/index.php?rest_route=%2Fwp%2Fv2%2Fmedia&parent=228"}],"curies":[{"name":"wp","href":"https:\/\/api.w.org\/{rel}","templated":true}]}}