{"id":187,"date":"2021-09-18T10:13:23","date_gmt":"2021-09-18T08:13:23","guid":{"rendered":"https:\/\/www.maxime-perrier.fr\/?page_id=187"},"modified":"2026-04-04T14:35:27","modified_gmt":"2026-04-04T12:35:27","slug":"colles","status":"publish","type":"page","link":"https:\/\/www.maxime-perrier.fr\/?page_id=187","title":{"rendered":"Colles"},"content":{"rendered":"\n<h5>Programmes de colle<\/h5>\n\n\n\n<p hidden=\"\">\n\n30 &#8211; 17 au 21 Juin <a href=\"https:\/\/www.maxime-perrier.fr\/wp-content\/uploads\/2021\/01\/S30_thermo-1.pdf\"><i id=\"fac_69deedde3346e\" class=\"fa fa-file-o\"><\/i>\n<\/a> <br>\n30 &#8211; 16 au 20 Juin <a href=\"https:\/\/www.maxime-perrier.fr\/wp-content\/uploads\/2021\/01\/S30_thermo_cristallo.pdf\"><i id=\"fac_69deedde3575b\" class=\"fa fa-file-o\"><\/i>\n<\/a> <br>\n29 &#8211; 2 au 6 Juin <a href=\"https:\/\/www.maxime-perrier.fr\/wp-content\/uploads\/2021\/01\/S29_thermo2-1.pdf\"><i id=\"fac_69deedde3676a\" class=\"fa fa-file-o\"><\/i>\n<\/a> <br>\n28 &#8211; 19 au 23 Mai <a href=\"https:\/\/www.maxime-perrier.fr\/wp-content\/uploads\/2021\/01\/S28_thermo.pdf\"><i id=\"fac_69deedde37752\" class=\"fa fa-file-o\"><\/i>\n<\/a> <br>\n27 &#8211; 12 au 16 Mai &#8211; <a href=\"https:\/\/www.maxime-perrier.fr\/wp-content\/uploads\/2021\/01\/S27_thermo-1.pdf\"><i id=\"fac_69deedde3874a\" class=\"fa fa-file-o\"><\/i>\n<\/a> <br>\n26 &#8211; 5 au 9 Mai &#8211; m\u00eame programme que la semaine pr\u00e9c\u00e9dente. <br>\n25 &#8211; 28 Avril au 2 Mai <a href=\"https:\/\/www.maxime-perrier.fr\/wp-content\/uploads\/2021\/01\/S25_thermo-1.pdf\"><i id=\"fac_69deedde39739\" class=\"fa fa-file-o\"><\/i>\n<\/a> <br>\n24 &#8211; 22 au 25 Avril <a href=\"https:\/\/www.maxime-perrier.fr\/wp-content\/uploads\/2021\/01\/S24_induction-1.pdf\"><i id=\"fac_69deedde3a73b\" class=\"fa fa-file-o\"><\/i>\n<\/a> <br>\n23 &#8211; 31 Mars au 4 Avril <a href=\"https:\/\/www.maxime-perrier.fr\/wp-content\/uploads\/2021\/01\/S23_TMC_induction-1.pdf\"><i id=\"fac_69deedde3b72c\" class=\"fa fa-file-o\"><\/i>\n<\/a> <br>\n22 &#8211; 24 au 28 Mars <a href=\"https:\/\/www.maxime-perrier.fr\/wp-content\/uploads\/2021\/01\/S22_energie_moment.pdf\"><i id=\"fac_69deedde3c70b\" class=\"fa fa-file-o\"><\/i>\n<\/a> <br>\n21 &#8211; 17 au 21 Mars <a href=\"https:\/\/www.maxime-perrier.fr\/wp-content\/uploads\/2021\/01\/S21_energie-1.pdf\"><i id=\"fac_69deedde3d6e5\" class=\"fa fa-file-o\"><\/i>\n<\/a> <br>\n20 &#8211; 10 au 14 Mars <a href=\"https:\/\/www.maxime-perrier.fr\/wp-content\/uploads\/2021\/01\/S20_dynamique_energie.pdf\"><i id=\"fac_69deedde3e6a9\" class=\"fa fa-file-o\"><\/i>\n<\/a> <br>\n19 &#8211; 3 au 7 Mars <a href=\"https:\/\/www.maxime-perrier.fr\/wp-content\/uploads\/2021\/01\/S19_cinematique_dynamique-1.pdf\"><i id=\"fac_69deedde3f681\" class=\"fa fa-file-o\"><\/i>\n<\/a> <br>\n<\/p>\n\n\n\n<p>\n24 &#8211; 6 au 10 Avril <a href=\"https:\/\/www.maxime-perrier.fr\/wp-content\/uploads\/2021\/01\/S24_thermo.pdf\"><i id=\"fac_69deedde4065a\" class=\"fa fa-file-o\"><\/i>\n<\/a> <br>\n23 &#8211; 30 Mars au 3 Avril <a href=\"https:\/\/www.maxime-perrier.fr\/wp-content\/uploads\/2021\/01\/S23_thermo.pdf\"><i id=\"fac_69deedde4164c\" class=\"fa fa-file-o\"><\/i>\n<\/a> <br>\n22 &#8211; 23 au 27 Mars <a href=\"https:\/\/www.maxime-perrier.fr\/wp-content\/uploads\/2021\/01\/S22_induction.pdf\"><i id=\"fac_69deedde42635\" class=\"fa fa-file-o\"><\/i>\n<\/a> <br>\n21 &#8211; 16 au 20 Mars <a href=\"https:\/\/www.maxime-perrier.fr\/wp-content\/uploads\/2021\/01\/S21_TMC_induction.pdf\"><i id=\"fac_69deedde43625\" class=\"fa fa-file-o\"><\/i>\n<\/a> <br>\n20 &#8211; 9 au 13 Mars <a href=\"https:\/\/www.maxime-perrier.fr\/wp-content\/uploads\/2021\/01\/S20_energie_moment.pdf\"><i id=\"fac_69deedde44623\" class=\"fa fa-file-o\"><\/i>\n<\/a> <br>\n19 &#8211; 2 au 6 Mars <a href=\"https:\/\/www.maxime-perrier.fr\/wp-content\/uploads\/2021\/01\/S19_energie_moment.pdf\"><i id=\"fac_69deedde455fd\" class=\"fa fa-file-o\"><\/i>\n<\/a> <br>\n18 &#8211; 9 au 13 F\u00e9vrier <a href=\"https:\/\/www.maxime-perrier.fr\/wp-content\/uploads\/2021\/01\/S18_energie.pdf\"><i id=\"fac_69deedde465e6\" class=\"fa fa-file-o\"><\/i>\n<\/a> <br>\n17 &#8211; 2 au 5 F\u00e9vrier <a href=\"https:\/\/www.maxime-perrier.fr\/wp-content\/uploads\/2021\/01\/Dynamiqueenergie.pdf\"><i id=\"fac_69deedde475e3\" class=\"fa fa-file-o\"><\/i>\n<\/a> les th\u00e9or\u00e8mes \u00e9nerg\u00e9tiques n&#8217;ont pas encore \u00e9t\u00e9 abord\u00e9s, pas d&#8217;exercices dessus.<br>\n16 &#8211; 26 au 30 Janvier <a href=\"https:\/\/www.maxime-perrier.fr\/wp-content\/uploads\/2021\/01\/S16_cinematique_dynamique.pdf\"><i id=\"fac_69deedde485c7\" class=\"fa fa-file-o\"><\/i>\n<\/a> <br>\n15 &#8211; 19 au 23 Janvier <a href=\"https:\/\/www.maxime-perrier.fr\/wp-content\/uploads\/2021\/01\/S15_cinematique.pdf\"><i id=\"fac_69deedde49595\" class=\"fa fa-file-o\"><\/i>\n<\/a> <br>\n14 &#8211; 12 au 16 Janvier <a href=\"https:\/\/www.maxime-perrier.fr\/wp-content\/uploads\/2021\/01\/S14_pH_precipitation.pdf\"><i id=\"fac_69deedde4a5ab\" class=\"fa fa-file-o\"><\/i>\n<\/a> <br>\n13 &#8211; 5 au 9 Janvier <a href=\"https:\/\/www.maxime-perrier.fr\/wp-content\/uploads\/2021\/01\/S13_cinetique_equilibres_acide_bases.pdf\"><i id=\"fac_69deedde4b5c0\" class=\"fa fa-file-o\"><\/i>\n<\/a> <br>\n12 &#8211; 15 au 19 D\u00e9cembre <a href=\"https:\/\/www.maxime-perrier.fr\/wp-content\/uploads\/2021\/01\/S12_cinetique_equilibres.pdf\"><i id=\"fac_69deedde4c59f\" class=\"fa fa-file-o\"><\/i>\n<\/a> <br>\n11 &#8211; 8 au 12 D\u00e9cembre <a href=\"https:\/\/www.maxime-perrier.fr\/wp-content\/uploads\/2021\/01\/S11_cinetique_molecules.pdf\"><i id=\"fac_69deedde4d56c\" class=\"fa fa-file-o\"><\/i>\n<\/a> <br>\n10 &#8211; 1 au 5 D\u00e9cembre <a href=\"https:\/\/www.maxime-perrier.fr\/wp-content\/uploads\/2021\/01\/S10_RSF_elemmol.pdf\"><i id=\"fac_69deedde4e53d\" class=\"fa fa-file-o\"><\/i>\n<\/a> <br>\n9 &#8211; 24 au 28 Novembre <a href=\"https:\/\/www.maxime-perrier.fr\/wp-content\/uploads\/2021\/01\/S9_RSF.pdf\"><i id=\"fac_69deedde4f521\" class=\"fa fa-file-o\"><\/i>\n<\/a> <br>\n8 &#8211; 17 au 21 Novembre : m\u00eame programme que la semaine 7. Question de cours possible sur l&#8217;analyse haute et basse fr\u00e9quence d&#8217;un filtre en rempla\u00e7ant les  condensateurs et bobines par des fils ou interrupteurs ouverts. Pas de diagramme de Bode.<br>\n7 &#8211; 10 au 14 Novembre <a href=\"https:\/\/www.maxime-perrier.fr\/wp-content\/uploads\/2021\/01\/S7_transitoireRSF.pdf\"><i id=\"fac_69deedde504ea\" class=\"fa fa-file-o\"><\/i>\n<\/a> <br>\n6 &#8211; 3 au 7 Novembre <a href=\"https:\/\/www.maxime-perrier.fr\/wp-content\/uploads\/2021\/01\/S6_12ordre.pdf\"><i id=\"fac_69deedde514be\" class=\"fa fa-file-o\"><\/i>\n<\/a> <br>\n5 &#8211; 13 au 17 Octobre <a href=\"https:\/\/www.maxime-perrier.fr\/wp-content\/uploads\/2021\/01\/S5_optique_elec.pdf\"><i id=\"fac_69deedde5249b\" class=\"fa fa-file-o\"><\/i>\n<\/a> <br>\n4 &#8211; 6 au 10 Octobre <a href=\"https:\/\/www.maxime-perrier.fr\/wp-content\/uploads\/2021\/01\/S4_optique_ondes-2.pdf\"><i id=\"fac_69deedde5346d\" class=\"fa fa-file-o\"><\/i>\n<\/a> <br>\n3 &#8211; 29 Septembre au 3 Octobre <a href=\"https:\/\/www.maxime-perrier.fr\/wp-content\/uploads\/2021\/01\/S3_optique-2.pdf\"><i id=\"fac_69deedde5443e\" class=\"fa fa-file-o\"><\/i>\n<\/a> <br>\n2 &#8211; 22 au 26 Septembre <a href=\"https:\/\/www.maxime-perrier.fr\/wp-content\/uploads\/2021\/01\/S2_optique-2.pdf\"><i id=\"fac_69deedde55423\" class=\"fa fa-file-o\"><\/i>\n<\/a> <br>\n1 &#8211; 15 au 19 Septembre : Le programme <a href=\"https:\/\/www.maxime-perrier.fr\/wp-content\/uploads\/2021\/01\/S1_AD_optique-1.pdf\"><i id=\"fac_69deedde56436\" class=\"fa fa-file-o\"><\/i>\n<\/a> | Des questions et exercices pour vous entra\u00eener sur les items du programme (le num\u00e9ro correspond \u00e0 l&#8217;item) <a href=\"https:\/\/www.maxime-perrier.fr\/wp-content\/uploads\/2021\/01\/1_AD_Optique_exemple.pdf\"><i id=\"fac_69deedde57410\" class=\"fa fa-file-o\"><\/i>\n<\/a> <br>\n\n<\/p>\n","protected":false},"excerpt":{"rendered":"<p>Programmes de colle 30 &#8211; 17 au 21 Juin 30 &#8211; 16 au 20 Juin 29 &#8211; 2 au 6 Juin 28 &#8211; 19 au 23 Mai 27 &#8211; 12 au 16 Mai &#8211; 26 &#8211; 5 au 9 Mai &#8211; m\u00eame programme que la semaine pr\u00e9c\u00e9dente. 25 &#8211; 28 Avril au 2 Mai 24 [&hellip;]<\/p>\n","protected":false},"author":1,"featured_media":0,"parent":0,"menu_order":0,"comment_status":"closed","ping_status":"closed","template":"","meta":[],"blocksy_meta":{"styles_descriptor":{"styles":{"desktop":"","tablet":"","mobile":""},"google_fonts":[],"version":6}},"_links":{"self":[{"href":"https:\/\/www.maxime-perrier.fr\/index.php?rest_route=\/wp\/v2\/pages\/187"}],"collection":[{"href":"https:\/\/www.maxime-perrier.fr\/index.php?rest_route=\/wp\/v2\/pages"}],"about":[{"href":"https:\/\/www.maxime-perrier.fr\/index.php?rest_route=\/wp\/v2\/types\/page"}],"author":[{"embeddable":true,"href":"https:\/\/www.maxime-perrier.fr\/index.php?rest_route=\/wp\/v2\/users\/1"}],"replies":[{"embeddable":true,"href":"https:\/\/www.maxime-perrier.fr\/index.php?rest_route=%2Fwp%2Fv2%2Fcomments&post=187"}],"version-history":[{"count":168,"href":"https:\/\/www.maxime-perrier.fr\/index.php?rest_route=\/wp\/v2\/pages\/187\/revisions"}],"predecessor-version":[{"id":1323,"href":"https:\/\/www.maxime-perrier.fr\/index.php?rest_route=\/wp\/v2\/pages\/187\/revisions\/1323"}],"wp:attachment":[{"href":"https:\/\/www.maxime-perrier.fr\/index.php?rest_route=%2Fwp%2Fv2%2Fmedia&parent=187"}],"curies":[{"name":"wp","href":"https:\/\/api.w.org\/{rel}","templated":true}]}}