{"id":143,"date":"2021-09-02T21:11:43","date_gmt":"2021-09-02T19:11:43","guid":{"rendered":"https:\/\/www.maxime-perrier.fr\/?page_id=143"},"modified":"2026-02-09T09:26:01","modified_gmt":"2026-02-09T08:26:01","slug":"tp","status":"publish","type":"page","link":"https:\/\/www.maxime-perrier.fr\/?page_id=143","title":{"rendered":"Travaux pratiques"},"content":{"rendered":"\n<h5>Utilisation de Python en Physique-Chimie<\/h5>\n\n\n\n<p>\nPrise en main de Jupyter <a href=\"https:\/\/notebook.basthon.fr\/?from=https:\/\/raw.githubusercontent.com\/p-maxime\/codes_python\/master\/prise_en_main_jupyter.ipynb\">\u2643<\/a> <\/br>\nIntroduction au processus de mesure et \u00e0 l&#8217;incertitude-type <a href=\"https:\/\/notebook.basthon.fr\/?aux=https:\/\/raw.githubusercontent.com\/p-maxime\/codes_python\/master\/chrono_1.txt&#038;from=https:\/\/raw.githubusercontent.com\/p-maxime\/codes_python\/master\/chrono.ipynb\">\u2643<\/a> <\/br>\nSuite : processus de mesure, incertitude-type et \u00e9cart-type normalis\u00e9 <a href=\"https:\/\/notebook.basthon.fr\/?from=https:\/\/raw.githubusercontent.com\/p-maxime\/codes_python\/master\/Introduction%20aux%20incertitudes.ipynb\">\u2643<\/a> <\/br> \n<\/p>\n\n\n\n<h5>Thermodynamique<\/h5>\n\n\n\n<p>\nA &#8211; Bouillant de Franklin (\/\/ B &#8211; C &#8211; D &#8211; E) : <a href=\"https:\/\/www.maxime-perrier.fr\/wp-content\/uploads\/2021\/01\/TP_Bouillant_Franklin.pdf\"><i id=\"fac_69def0835493f\" class=\"fa fa-file-o\"><\/i>\n<\/a> <br>\nB &#8211; Calorim\u00e9trie (\/\/ A &#8211; C &#8211; D &#8211; E) : <a href=\"https:\/\/www.maxime-perrier.fr\/wp-content\/uploads\/2021\/01\/TP_Calorimetrie.pdf\"><i id=\"fac_69def08356c8a\" class=\"fa fa-file-o\"><\/i>\n<\/a> <br>\nC &#8211; Coefficient de Laplace (\/\/ A &#8211; B &#8211; D &#8211; E) : <a href=\"https:\/\/www.maxime-perrier.fr\/wp-content\/uploads\/2021\/01\/TP_gamma_Laplace.pdf\"><i id=\"fac_69def08357c78\" class=\"fa fa-file-o\"><\/i>\n<\/a> <br>\nD &#8211; Moteur de Stirling (\/\/ A &#8211; B &#8211; C &#8211; E) : <a href=\"https:\/\/www.maxime-perrier.fr\/wp-content\/uploads\/2021\/01\/TP_Stirling.pdf\"><i id=\"fac_69def08358c40\" class=\"fa fa-file-o\"><\/i>\n<\/a> <br>\n<\/p>\n\n\n\n<h5>\u00c9lectrom\u00e9canique<\/h5>\n\n\n\n<p>\nMesure d&#8217;un champ magn\u00e9tique (\/\/ Haut-parleur) : <a href=\"https:\/\/www.maxime-perrier.fr\/wp-content\/uploads\/2021\/01\/TP_magnetisme.pdf\"><i id=\"fac_69def08359c45\" class=\"fa fa-file-o\"><\/i>\n<\/a> <br>\nHaut-parleur (\/\/ Mesure d&#8217;un champ magn\u00e9tique) : <a href=\"https:\/\/www.maxime-perrier.fr\/wp-content\/uploads\/2021\/01\/TP_Haut_Parleur.pdf\"><i id=\"fac_69def0835ac0a\" class=\"fa fa-file-o\"><\/i>\n<\/a> <br>\nE &#8211; Champ magn\u00e9tique tournant (\/\/ A &#8211; B &#8211; C &#8211; D) : <a href=\"https:\/\/www.maxime-perrier.fr\/wp-content\/uploads\/2021\/01\/TP_champB_tournant.pdf\"><i id=\"fac_69def0835bbf0\" class=\"fa fa-file-o\"><\/i>\n<\/a>\n<\/p>\n\n\n\n<h5>M\u00e9canique<\/h5>\n\n\n\n<p>\nBalistique <a href=\"https:\/\/notebook.basthon.fr\/?from=https:\/\/raw.githubusercontent.com\/p-maxime\/codes_python\/master\/Balistique.ipynb\">\u2643<\/a> \/ lien ENT pour le rendu : <a href=\"https:\/\/capytale2.ac-paris.fr\/web\/c\/5188-3238658\">\u2643<\/a> <br>\nLois de Kepler <a href=\"https:\/\/notebook.basthon.fr\/?from=https:\/\/raw.githubusercontent.com\/p-maxime\/codes_python\/master\/TP22_Kepler.ipynb\">\u2643<\/a> <br>\nLoi de Hooke et utilisation d&#8217;un microcontr\u00f4leur <a href=\"https:\/\/www.maxime-perrier.fr\/wp-content\/uploads\/2021\/01\/TP_loi_de_force.pdf\"><i id=\"fac_69def0835cbc5\" class=\"fa fa-file-o\"><\/i>\n<\/a> \n<\/p>\n\n\n\n<h5>Optique<\/h5>\n\n\n\n<p>D\u00e9couverte des lentilles : comment mesurer une distance focale. \u00c9nonc\u00e9 du TP <a href=\"https:\/\/www.maxime-perrier.fr\/wp-content\/uploads\/2021\/01\/tp_formation_images.pdf\"><i id=\"fac_69def0835db9d\" class=\"fa fa-file-o\"><\/i>\n<\/a>, notebook Jupyter associ\u00e9 <a href=\"https:\/\/notebook.basthon.fr\/?from=https:\/\/raw.githubusercontent.com\/p-maxime\/codes_python\/master\/tp_formation_image_notebook.ipynb\">\u2643<\/a><br>\n\u00c9tude des raies d&#8217;\u00e9mission d&#8217;une lampe spectrale. \u00c9nonc\u00e9 de TP <a href=\"https:\/\/www.maxime-perrier.fr\/wp-content\/uploads\/2021\/01\/tp_source_spectre-3.pdf\"><i id=\"fac_69def0835eb65\" class=\"fa fa-file-o\"><\/i>\n<\/a>, notebook Jupyter <a href=\"https:\/\/notebook.basthon.fr\/?from=https:\/\/raw.githubusercontent.com\/p-maxime\/codes_python\/master\/TP_reseau.ipynb\">\u2643<\/a>, lien vers une simulation interactive de la diffraction par r\u00e9seau <a ==\"\" href=\"https:\/\/openprocessing.org\/sketch\/557687\"> \ud83d\udd17<\/a><br>\nAppareil photographique num\u00e9rique <a href=\"https:\/\/www.maxime-perrier.fr\/wp-content\/uploads\/2021\/01\/TP_APN.pdf\"><i id=\"fac_69def0835fb83\" class=\"fa fa-file-o\"><\/i>\n<\/a><br>\nDocument compl\u00e9mentaire sur le viseur et le collimateur <a href=\"https:\/\/www.maxime-perrier.fr\/wp-content\/uploads\/2021\/01\/viseur_colimateur.pdf\"><i id=\"fac_69def08360bab\" class=\"fa fa-file-o\"><\/i>\n<\/a> <br>\nFocom\u00e9trie <a href=\"https:\/\/www.maxime-perrier.fr\/wp-content\/uploads\/2021\/01\/tp_focometrie.pdf\"><i id=\"fac_69def08361b85\" class=\"fa fa-file-o\"><\/i>\n<\/a> et lien pour comprendre le fonctionnement d&#8217;une lunette de vis\u00e9e r\u00e9ticul\u00e9e <a href=\"https:\/\/phyanim.sciences.univ-nantes.fr\/optiqueGeo\/instruments\/reglage_lunette.php\">\ud83d\udd17<\/a>\n<\/p>\n\n\n\n<h5>Constitution et transformations de la mati\u00e8re<\/h5>\n\n\n\n<p>\nSuivi cin\u00e9tique par conductim\u00e9trie <a href=\"https:\/\/www.maxime-perrier.fr\/wp-content\/uploads\/2021\/01\/TP9_conductimetrie_cinetique.pdf\"><i id=\"fac_69def08362b66\" class=\"fa fa-file-o\"><\/i>\n<\/a> <br>\nSuivi cin\u00e9tique par spectrophotom\u00e9trie <a href=\"https:\/\/www.maxime-perrier.fr\/wp-content\/uploads\/2021\/01\/TP10_spectro_cinetique.pdf\"><i id=\"fac_69def08363b30\" class=\"fa fa-file-o\"><\/i>\n<\/a> et notebook associ\u00e9 <a href=\"https:\/\/capytale2.ac-paris.fr\/web\/c\/04c4-997261\/ot\">\u2643<\/a> <br>\nExtraction d&#8217;un conservateur alimentaire <a href=\"https:\/\/www.maxime-perrier.fr\/wp-content\/uploads\/2021\/01\/TP_Extraction_Solvant.pdf\"><i id=\"fac_69def08364af8\" class=\"fa fa-file-o\"><\/i>\n<\/a> <br>\nM\u00e9thode de Charpentier-Volhard <a href=\"https:\/\/www.maxime-perrier.fr\/wp-content\/uploads\/2021\/01\/TP_Dosage_Precipitation.pdf\"><i id=\"fac_69def08365aaf\" class=\"fa fa-file-o\"><\/i>\n<\/a> <br>\nM\u00e9thode de Winkler <a href=\"https:\/\/www.maxime-perrier.fr\/wp-content\/uploads\/2021\/01\/TP_EpH_Winkler.pdf\"><i id=\"fac_69def08366a85\" class=\"fa fa-file-o\"><\/i>\n<\/a> <br>\n<\/p>\n\n\n\n<h5>Circuits \u00e9lectriques<\/h5>\n\n\n\n<p>\nR\u00e9sistances et imp\u00e9dances <a href=\"https:\/\/www.maxime-perrier.fr\/wp-content\/uploads\/2021\/01\/TP_Resistances.pdf\"><i id=\"fac_69def08367a95\" class=\"fa fa-file-o\"><\/i>\n<\/a> <br>\nCircuit du premier ordre <a href=\"https:\/\/www.maxime-perrier.fr\/wp-content\/uploads\/2021\/01\/TP_Circuit_Ordre_1.pdf\"><i id=\"fac_69def08368a67\" class=\"fa fa-file-o\"><\/i>\n<\/a> &#8211; notebook Jupyter <a href=\"https:\/\/capytale2.ac-paris.fr\/web\/c\/d22c-1203174\">\u2643<\/a> <br>\nDiagramme de Bode d&#8217;un passe-bas du deuxi\u00e8me ordre : Notebook <a href=\"https:\/\/mybinder.org\/v2\/gh\/p-maxime\/codes_python\/HEAD?labpath=Diagrammes_de_Bode.ipynb\">\u2643<\/a>\nFiltres <a href=\"https:\/\/www.maxime-perrier.fr\/wp-content\/uploads\/2021\/01\/TP_Filtre.pdf\"><i id=\"fac_69def08369a2f\" class=\"fa fa-file-o\"><\/i>\n<\/a> <br>\nMise en cascade de filtres <a href=\"https:\/\/www.maxime-perrier.fr\/wp-content\/uploads\/2021\/01\/TP_Association_filtres.pdf\"><i id=\"fac_69def0836a9f1\" class=\"fa fa-file-o\"><\/i>\n<\/a> <br>\nPour s&#8217;entra\u00eener avec les oscilloscopes et les signaux <a href=\"https:\/\/automatisierung.fh-aachen.de\/virtuallab\/scope\/dist\/\">\ud83d\udd17 <\/a>.\n<\/p>\n\n\n\n<p><\/p>\n","protected":false},"excerpt":{"rendered":"<p>Travaux pratiques en Physique-Chimie.<br \/>\nLes th\u00e8mes abord\u00e9s dans l&#8217;ann\u00e9e sont : programmation python, optique, constitution de la mati\u00e8re, circuits \u00e9lectriques, m\u00e9canique et thermodynamique. <\/p>\n","protected":false},"author":1,"featured_media":0,"parent":0,"menu_order":0,"comment_status":"closed","ping_status":"closed","template":"","meta":[],"blocksy_meta":{"styles_descriptor":{"styles":{"desktop":"","tablet":"","mobile":""},"google_fonts":[],"version":6}},"_links":{"self":[{"href":"https:\/\/www.maxime-perrier.fr\/index.php?rest_route=\/wp\/v2\/pages\/143"}],"collection":[{"href":"https:\/\/www.maxime-perrier.fr\/index.php?rest_route=\/wp\/v2\/pages"}],"about":[{"href":"https:\/\/www.maxime-perrier.fr\/index.php?rest_route=\/wp\/v2\/types\/page"}],"author":[{"embeddable":true,"href":"https:\/\/www.maxime-perrier.fr\/index.php?rest_route=\/wp\/v2\/users\/1"}],"replies":[{"embeddable":true,"href":"https:\/\/www.maxime-perrier.fr\/index.php?rest_route=%2Fwp%2Fv2%2Fcomments&post=143"}],"version-history":[{"count":78,"href":"https:\/\/www.maxime-perrier.fr\/index.php?rest_route=\/wp\/v2\/pages\/143\/revisions"}],"predecessor-version":[{"id":1304,"href":"https:\/\/www.maxime-perrier.fr\/index.php?rest_route=\/wp\/v2\/pages\/143\/revisions\/1304"}],"wp:attachment":[{"href":"https:\/\/www.maxime-perrier.fr\/index.php?rest_route=%2Fwp%2Fv2%2Fmedia&parent=143"}],"curies":[{"name":"wp","href":"https:\/\/api.w.org\/{rel}","templated":true}]}}